{"id":495,"date":"2026-04-02T04:00:33","date_gmt":"2026-04-02T02:00:33","guid":{"rendered":"https:\/\/fox.withemes.com\/dc\/register\/welcome\/"},"modified":"2026-04-04T20:08:32","modified_gmt":"2026-04-04T18:08:32","slug":"welcome","status":"publish","type":"page","link":"https:\/\/www.ogmios-insights.co\/?page_id=495","title":{"rendered":"Team"},"content":{"rendered":"\n<p>Chez Ogmios Insights, nous ne nous contentons pas de livrer des chiffres ; nous fournissons une boussole strat\u00e9gique. Notre \u00e9quipe r\u00e9unit des experts de la data, des sp\u00e9cialistes du secteur cosm\u00e9tiques et des analystes multiculturels pour transformer la complexit\u00e9 du march\u00e9 colombien en opportunit\u00e9s claires. <\/p>\n\n\n\n<p>Notre force r\u00e9side dans notre dualit\u00e9. Compos\u00e9e de profils franco-colombiens, notre \u00e9quipe ma\u00eetrise les standards de rigueur pour des rapports pr\u00e9cis, structur\u00e9s et une \u00e9thique de donn\u00e9e irr\u00e9prochable.<\/p>\n\n\n\n<p>Pour une compr\u00e9hension fine des r\u00e9seaux de distribution locaux et des comportements de consommation \u00e0 Bogota, Medell\u00edn ou Cali, nos analystes sont les architectes de notre m\u00e9thodologie exclusive. Chaque membre est expert dans le d\u00e9ploiement de nos piliers d&rsquo;analyse.<\/p>\n\n\n\n<p>Gr\u00e2ce \u00e0 notre ma\u00eetrise des outils de Business Intelligence, nous rendons l&rsquo;information vivante. Notre \u00e9quipe technique veille \u00e0 ce que nos rapports mensuels &amp; trimestriels soient non seulement profonds sur le fond, mais aussi intuitifs et accessibles. <\/p>\n\n\n\n<p>Chaque membre de l&rsquo;\u00e9quipe est form\u00e9 \u00e0 notre structure propri\u00e9taire, assurant une continuit\u00e9 et une rigueur scientifique unique sur le march\u00e9 des cosm\u00e9tiques en Colombie. <\/p>\n","protected":false},"excerpt":{"rendered":"<p>Chez Ogmios Insights, nous ne nous contentons pas de livrer des chiffres ; nous fournissons une boussole strat\u00e9gique. Notre \u00e9quipe r\u00e9unit des experts de la data, des sp\u00e9cialistes du secteur cosm\u00e9tiques et des analystes multiculturels pour transformer la complexit\u00e9 du march\u00e9 colombien en opportunit\u00e9s claires. Notre force r\u00e9side dans notre dualit\u00e9. Compos\u00e9e de profils franco-colombiens, notre \u00e9quipe ma\u00eetrise les standards de rigueur pour des rapports pr\u00e9cis, structur\u00e9s et une \u00e9thique de donn\u00e9e irr\u00e9prochable. Pour une compr\u00e9hension fine des r\u00e9seaux de distribution locaux et des comportements de consommation \u00e0 Bogota, Medell\u00edn ou Cali, nos analystes sont les architectes de notre m\u00e9thodologie<\/p>\n","protected":false},"author":1,"featured_media":936,"parent":494,"menu_order":0,"comment_status":"closed","ping_status":"closed","template":"","meta":{"footnotes":""},"class_list":["post-495","page","type-page","status-publish","has-post-thumbnail","hentry"],"_links":{"self":[{"href":"https:\/\/www.ogmios-insights.co\/index.php?rest_route=\/wp\/v2\/pages\/495","targetHints":{"allow":["GET"]}}],"collection":[{"href":"https:\/\/www.ogmios-insights.co\/index.php?rest_route=\/wp\/v2\/pages"}],"about":[{"href":"https:\/\/www.ogmios-insights.co\/index.php?rest_route=\/wp\/v2\/types\/page"}],"author":[{"embeddable":true,"href":"https:\/\/www.ogmios-insights.co\/index.php?rest_route=\/wp\/v2\/users\/1"}],"replies":[{"embeddable":true,"href":"https:\/\/www.ogmios-insights.co\/index.php?rest_route=%2Fwp%2Fv2%2Fcomments&post=495"}],"version-history":[{"count":10,"href":"https:\/\/www.ogmios-insights.co\/index.php?rest_route=\/wp\/v2\/pages\/495\/revisions"}],"predecessor-version":[{"id":836,"href":"https:\/\/www.ogmios-insights.co\/index.php?rest_route=\/wp\/v2\/pages\/495\/revisions\/836"}],"up":[{"embeddable":true,"href":"https:\/\/www.ogmios-insights.co\/index.php?rest_route=\/wp\/v2\/pages\/494"}],"wp:featuredmedia":[{"embeddable":true,"href":"https:\/\/www.ogmios-insights.co\/index.php?rest_route=\/wp\/v2\/media\/936"}],"wp:attachment":[{"href":"https:\/\/www.ogmios-insights.co\/index.php?rest_route=%2Fwp%2Fv2%2Fmedia&parent=495"}],"curies":[{"name":"wp","href":"https:\/\/api.w.org\/{rel}","templated":true}]}}